{"id":68,"date":"2020-05-14T16:49:00","date_gmt":"2020-05-14T16:49:00","guid":{"rendered":"http:\/\/hye.totmedia.es\/about\/"},"modified":"2024-03-21T21:55:59","modified_gmt":"2024-03-21T21:55:59","slug":"about","status":"publish","type":"page","link":"https:\/\/www.hetecden.com\/ca\/about\/","title":{"rendered":"Empresa"},"content":{"rendered":"<div data-elementor-type=\"wp-page\" data-elementor-id=\"68\" class=\"elementor elementor-68\">\n\t\t\t\t\t\t<section class=\"elementor-section elementor-top-section elementor-element elementor-element-0e8869c elementor-section-boxed elementor-section-height-default elementor-section-height-default\" data-id=\"0e8869c\" data-element_type=\"section\">\n\t\t\t\t\t\t<div class=\"elementor-container elementor-column-gap-no\">\n\t\t\t\t\t<div class=\"aux-parallax-section elementor-column elementor-col-50 elementor-top-column elementor-element elementor-element-f45cee5\" data-id=\"f45cee5\" data-element_type=\"column\">\n\t\t\t<div class=\"elementor-widget-wrap elementor-element-populated\">\n\t\t\t\t\t\t<div class=\"aux-scroll-anim elementor-element elementor-element-e7f6f57 elementor-widget__width-auto aux-appear-watch-animation aux-scale-up-1 elementor-widget elementor-widget-aux_simple_svg\" data-move-in=\"moveHorizontal\" data-move-out=\"moveHorizontal\" data-axis-x=\"50\" data-axis-y=\"200\" data-rotate=\"90\" data-scale=\"1\" data-vp-top=\"0.5\" data-vp-bot=\"0.5\" data-el-top=\"0.2\" data-scroll-animation-off=\"1024\" data-id=\"e7f6f57\" data-element_type=\"widget\" data-widget_type=\"aux_simple_svg.default\">\n\t\t\t\t<div class=\"elementor-widget-container\">\n\t\t\t    <div class=\"aux-widget-container aux-simple-svg-container\">\n        <div class=\"aux-widget-container-inner\">\n            <div class=\"aux-the-svg\"><img decoding=\"async\" src=\"https:\/\/www.hetecden.com\/wp-content\/uploads\/2020\/05\/Subtraction-3.svg\" title=\"demo-attachment-37-Subtraction-3\" alt=\"demo-attachment-37-Subtraction-3\" loading=\"lazy\" \/><\/div>\n        <\/div>\n    <\/div>\n    \t\t<\/div>\n\t\t\t\t<\/div>\n\t\t\t\t<div class=\"elementor-element elementor-element-cf81117 aux-appear-watch-animation aux-fade-in-up-1 elementor-widget elementor-widget-aux_modern_heading\" data-id=\"cf81117\" data-element_type=\"widget\" data-widget_type=\"aux_modern_heading.default\">\n\t\t\t\t<div class=\"elementor-widget-container\">\n\t\t\t<section class=\"aux-widget-modern-heading\">\n            <div class=\"aux-widget-inner\"><h2 class=\"aux-modern-heading-primary\">H&amp;E<\/h2><h3 class=\"aux-modern-heading-secondary\"><span class=\"aux-head-before\">Qualitat i confian\u00e7a<\/span><\/h3><div class=\"aux-modern-heading-divider\"><\/div><\/div>\n        <\/section>\t\t<\/div>\n\t\t\t\t<\/div>\n\t\t\t\t\t<\/div>\n\t\t<\/div>\n\t\t\t\t<div class=\"aux-parallax-section elementor-column elementor-col-50 elementor-top-column elementor-element elementor-element-35ef1b9\" data-id=\"35ef1b9\" data-element_type=\"column\">\n\t\t\t<div class=\"elementor-widget-wrap elementor-element-populated\">\n\t\t\t\t\t\t<div class=\"elementor-element elementor-element-5049a08 aux-appear-watch-animation aux-fade-in-left-1 elementor-widget elementor-widget-aux_image\" data-id=\"5049a08\" data-element_type=\"widget\" data-widget_type=\"aux_image.default\">\n\t\t\t\t<div class=\"elementor-widget-container\">\n\t\t\t<section class=\"widget-container aux-widget-image aux-alignnone aux-parent-aubfd0a976\">\n    <div class=\"aux-media-hint-frame\">\n        <div class=\"aux-media-image\" >\n        \n            \n\n            \n            <img decoding=\"async\" src=\"https:\/\/www.hetecden.com\/wp-content\/uploads\/2024\/03\/unnamed-scaled.jpg\" alt=\"unnamed\" \/>            \n                <\/div>\n    <\/div>\n\n<\/section><!-- widget-container -->\t\t<\/div>\n\t\t\t\t<\/div>\n\t\t\t\t<div class=\"elementor-element elementor-element-dc59d7c aux-appear-watch-animation aux-fade-in-right elementor-widget elementor-widget-text-editor\" data-id=\"dc59d7c\" data-element_type=\"widget\" data-widget_type=\"text-editor.default\">\n\t\t\t\t<div class=\"elementor-widget-container\">\n\t\t\t\t\t\t\t<p>Si busca confian\u00e7a, seguretat, avantatges econ\u00f2mics, rapidesa i efic\u00e0cia en l'elecci\u00f3 d'un bon producte, adaptat a les normatives de qualitat i sanitat vigents i controlat, H&amp;E Tecnologia Dental li ho ofereix.<\/p><p>Li garanteix a m\u00e9s gran qualitat, tecnologia d'avantguarda i un servei professional adequat.<\/p><p>I perqu\u00e8 compti vost\u00e8 amb la informaci\u00f3 precisa que li permeti comprovar que aix\u00f2 \u00e9s cert, H&amp;E Tecnologia Dental li facilita una informaci\u00f3 personalitzada amb la qual aconseguir\u00e0, sens dubte, triar el producte m\u00e9s adequat als seus desitjos.<\/p>\t\t\t\t\t\t<\/div>\n\t\t\t\t<\/div>\n\t\t\t\t\t<\/div>\n\t\t<\/div>\n\t\t\t\t\t<\/div>\n\t\t<\/section>\n\t\t\t\t<section class=\"elementor-section elementor-top-section elementor-element elementor-element-ed39cee elementor-section-boxed elementor-section-height-default elementor-section-height-default\" data-id=\"ed39cee\" data-element_type=\"section\">\n\t\t\t\t\t\t<div class=\"elementor-container elementor-column-gap-default\">\n\t\t\t\t\t<div class=\"aux-parallax-section elementor-column elementor-col-100 elementor-top-column elementor-element elementor-element-206b0b5\" data-id=\"206b0b5\" data-element_type=\"column\">\n\t\t\t<div class=\"elementor-widget-wrap elementor-element-populated\">\n\t\t\t\t\t\t<div class=\"elementor-element elementor-element-4da5a05 elementor-widget elementor-widget-video\" data-id=\"4da5a05\" data-element_type=\"widget\" data-settings=\"{&quot;video_type&quot;:&quot;hosted&quot;,&quot;controls&quot;:&quot;yes&quot;}\" data-widget_type=\"video.default\">\n\t\t\t\t<div class=\"elementor-widget-container\">\n\t\t\t\t\t<div class=\"e-hosted-video elementor-wrapper elementor-open-inline\">\n\t\t\t\t\t<video class=\"elementor-video\" src=\"http:\/\/hye.totmedia.es\/wp-content\/uploads\/2024\/03\/VIDEO.mp4\" controls=\"\" preload=\"metadata\" controlslist=\"nodownload\"><\/video>\n\t\t\t\t<\/div>\n\t\t\t\t<\/div>\n\t\t\t\t<\/div>\n\t\t\t\t\t<\/div>\n\t\t<\/div>\n\t\t\t\t\t<\/div>\n\t\t<\/section>\n\t\t\t\t<section class=\"elementor-section elementor-top-section elementor-element elementor-element-ab0f3c6 elementor-section-content-middle elementor-reverse-tablet elementor-reverse-mobile elementor-section-boxed elementor-section-height-default elementor-section-height-default\" data-id=\"ab0f3c6\" data-element_type=\"section\">\n\t\t\t\t\t\t<div class=\"elementor-container elementor-column-gap-no\">\n\t\t\t\t\t<div class=\"aux-parallax-section elementor-column elementor-col-100 elementor-top-column elementor-element elementor-element-a2f5ed7\" data-id=\"a2f5ed7\" data-element_type=\"column\">\n\t\t\t<div class=\"elementor-widget-wrap elementor-element-populated\">\n\t\t\t\t\t\t<div class=\"elementor-element elementor-element-c236828 elementor-widget__width-auto elementor-widget elementor-widget-aux_simple_svg\" data-id=\"c236828\" data-element_type=\"widget\" data-widget_type=\"aux_simple_svg.default\">\n\t\t\t\t<div class=\"elementor-widget-container\">\n\t\t\t    <div class=\"aux-widget-container aux-simple-svg-container\">\n        <div class=\"aux-widget-container-inner\">\n            <div class=\"aux-the-svg\"><img decoding=\"async\" src=\"https:\/\/www.hetecden.com\/wp-content\/uploads\/2020\/05\/Subtraction-4.svg\" title=\"demo-attachment-228-Subtraction-4\" alt=\"demo-attachment-228-Subtraction-4\" loading=\"lazy\" \/><\/div>\n        <\/div>\n    <\/div>\n    \t\t<\/div>\n\t\t\t\t<\/div>\n\t\t\t\t<div class=\"elementor-element elementor-element-f318313 aux-appear-watch-animation aux-fade-in-up elementor-widget elementor-widget-aux_modern_heading\" data-id=\"f318313\" data-element_type=\"widget\" data-widget_type=\"aux_modern_heading.default\">\n\t\t\t\t<div class=\"elementor-widget-container\">\n\t\t\t<section class=\"aux-widget-modern-heading\">\n            <div class=\"aux-widget-inner\"><h2 class=\"aux-modern-heading-primary\">H&amp;E<\/h2><h3 class=\"aux-modern-heading-secondary\"><span class=\"aux-head-before\">Informaci\u00f3n general<\/span><\/h3><div class=\"aux-modern-heading-divider\"><\/div><div class=\"aux-modern-heading-description\"><p><strong>Contacte<\/strong><br \/><br \/>Si precisa qualsevol tipus d'informaci\u00f3 sobre els nostres productes, preus o ofertes pot contactar amb nosaltres per les seg\u00fcents vies:<br \/><br \/>- A trav\u00e9s del seu delegat de zona<br \/><br \/>- Correu electr\u00f2nic info@hetecden.es<br \/><br \/>- Oficinas Centrals 922 08 36 37 ( de 09,00 a 19,00 horas )<br \/><br \/><strong>Comandes<\/strong><br \/><br \/>- A trav\u00e9s del seu delegat de zona<br \/><br \/>- Correu electr\u00f3nic pedidos@hetecden.es<br \/><br \/>- Oficinas Centrals 922 08 36 37<br \/><br \/><\/p><p><strong>Envios<\/strong><br \/><br \/>Les comandes es remetran per missatgeria en un termini de lliurament de 24 hores laborables<br \/><br \/>( comandes rebudes abans de les 17.00 hores ).<br \/><br \/>Ports gratu\u00efts per a comandes d'import superior a 150 \u20ac.<br \/><br \/>En cas de produir-se alguna incid\u00e8ncia amb la comanda efectuada, es comunicar\u00e0 al client immediatament des de les nostres oficines centrals.<\/p><p><br \/><strong>Devolucions<\/strong><br \/><br \/>El termini m\u00e0xim de devoluci\u00f3 de producte \u00e9s de 15 dies a partir de la data de recepci\u00f3 d'aquest.<br \/><br \/>No s'admetran devolucions de producte sense embalatge original i en perfecte estat, sense manipulaci\u00f3.<\/p><\/div><\/div>\n        <\/section>\t\t<\/div>\n\t\t\t\t<\/div>\n\t\t\t\t<div class=\"elementor-element elementor-element-de1920e elementor-widget elementor-widget-spacer\" data-id=\"de1920e\" data-element_type=\"widget\" data-widget_type=\"spacer.default\">\n\t\t\t\t<div class=\"elementor-widget-container\">\n\t\t\t\t\t<div class=\"elementor-spacer\">\n\t\t\t<div class=\"elementor-spacer-inner\"><\/div>\n\t\t<\/div>\n\t\t\t\t<\/div>\n\t\t\t\t<\/div>\n\t\t\t\t\t<\/div>\n\t\t<\/div>\n\t\t\t\t\t<\/div>\n\t\t<\/section>\n\t\t\t\t<\/div>","protected":false},"excerpt":{"rendered":"<p>H&amp;E Calidad y confianza Si busca confianza, seguridad, ventajas econ\u00f3micas, rapidez y eficacia en la elecci\u00f3n de un buen producto, adaptado a las normativas de calidad y sanidad vigentes y controlado, H&amp;E Tecnolog\u00eda Dental se lo ofrece. Le garantiza adem\u00e1s gran calidad, tecnolog\u00eda de vanguardia y un servicio profesional adecuado. Y para que cuente usted [&hellip;]<\/p>","protected":false},"author":1,"featured_media":0,"parent":0,"menu_order":0,"comment_status":"closed","ping_status":"closed","template":"templates\/page-builder-content.php","meta":{"footnotes":""},"class_list":["post-68","page","type-page","status-publish","hentry"],"_links":{"self":[{"href":"https:\/\/www.hetecden.com\/ca\/wp-json\/wp\/v2\/pages\/68","targetHints":{"allow":["GET"]}}],"collection":[{"href":"https:\/\/www.hetecden.com\/ca\/wp-json\/wp\/v2\/pages"}],"about":[{"href":"https:\/\/www.hetecden.com\/ca\/wp-json\/wp\/v2\/types\/page"}],"author":[{"embeddable":true,"href":"https:\/\/www.hetecden.com\/ca\/wp-json\/wp\/v2\/users\/1"}],"replies":[{"embeddable":true,"href":"https:\/\/www.hetecden.com\/ca\/wp-json\/wp\/v2\/comments?post=68"}],"version-history":[{"count":31,"href":"https:\/\/www.hetecden.com\/ca\/wp-json\/wp\/v2\/pages\/68\/revisions"}],"predecessor-version":[{"id":319,"href":"https:\/\/www.hetecden.com\/ca\/wp-json\/wp\/v2\/pages\/68\/revisions\/319"}],"wp:attachment":[{"href":"https:\/\/www.hetecden.com\/ca\/wp-json\/wp\/v2\/media?parent=68"}],"curies":[{"name":"wp","href":"https:\/\/api.w.org\/{rel}","templated":true}]}}